{"id":1808,"date":"2025-08-27T15:28:44","date_gmt":"2025-08-27T15:28:44","guid":{"rendered":"https:\/\/www.korab.fr\/?page_id=1808"},"modified":"2025-08-27T16:04:11","modified_gmt":"2025-08-27T16:04:11","slug":"kazimierz-kujawski","status":"publish","type":"page","link":"https:\/\/www.korab.fr\/index.php\/kazimierz-kujawski\/","title":{"rendered":"Kazimierz Joseph Alojzy KUJAWSKI"},"content":{"rendered":"\n<figure class=\"wp-block-image size-full is-resized\"><img loading=\"lazy\" decoding=\"async\" width=\"284\" height=\"284\" src=\"https:\/\/www.korab.fr\/wp-content\/uploads\/2025\/08\/k-kujawski-edited.png\" alt=\"\" class=\"wp-image-1795\" style=\"width:740px;height:auto\" srcset=\"https:\/\/www.korab.fr\/wp-content\/uploads\/2025\/08\/k-kujawski-edited.png 284w, https:\/\/www.korab.fr\/wp-content\/uploads\/2025\/08\/k-kujawski-edited-150x150.png 150w\" sizes=\"auto, (max-width: 284px) 100vw, 284px\" \/><\/figure>\n\n\n\n<figure class=\"wp-block-image alignright size-large is-resized\"><img loading=\"lazy\" decoding=\"async\" width=\"777\" height=\"1024\" src=\"https:\/\/www.korab.fr\/wp-content\/uploads\/2025\/08\/POL_COA_Rawicz.svg-777x1024.png\" alt=\"\" class=\"wp-image-1816\" style=\"width:239px;height:auto\" srcset=\"https:\/\/www.korab.fr\/wp-content\/uploads\/2025\/08\/POL_COA_Rawicz.svg-777x1024.png 777w, https:\/\/www.korab.fr\/wp-content\/uploads\/2025\/08\/POL_COA_Rawicz.svg-228x300.png 228w, https:\/\/www.korab.fr\/wp-content\/uploads\/2025\/08\/POL_COA_Rawicz.svg-768x1012.png 768w, https:\/\/www.korab.fr\/wp-content\/uploads\/2025\/08\/POL_COA_Rawicz.svg.png 800w\" sizes=\"auto, (max-width: 777px) 100vw, 777px\" \/><figcaption class=\"wp-element-caption\">Blason Rawicz<\/figcaption><\/figure>\n\n\n\n<p><strong>Kazimir Josef Alojzy Kujawski<\/strong> &#8211; portant les armoiries Rawicz &#8211; est n\u00e9 \u00e0 Varsovie en 1874, son p\u00e8re \u00e9tait avocat. Catholique et grand patriote, polyglotte, parlant le fran\u00e7ais, l\u2019allemand et le russe, Kazimir est docteur en sciences naturelles de l&#8217;Universit\u00e9 de Varsovie. \u00a0Fortement engag\u00e9 dans le renouveau de la Pologne apr\u00e8s 120 ans d\u2019inexistence de l\u2019\u00e9tat d\u00fb aux partages\u00a0 et \u00e0 l\u2019occupation, entre 1922 et 1927, il est d\u00e9put\u00e9 du parti chr\u00e9tien-d\u00e9mocrate \u00e0 la Di\u00e8te de la Deuxi\u00e8me R\u00e9publique Polonaise (<em>Pose\u0142 na II Sejm Rzeczypospolitej Polskiej<\/em>). <\/p>\n\n\n\n<p>Humaniste et p\u00e9dagogue, d\u00e9fenseur de la cause de la jeunesse r\u00e9sum\u00e9e dans son cr\u00e9do \u00ab Salus juventutis suprema lex esto\u00bb, il publie \u00e0 la veille de la lib\u00e9ration du pays son trait\u00e9 <em>\u00ab\u00a0Projet du Syst\u00e8me Educatif Polonais, 1917\u00a0\u00bb<\/em>. En 1905, Kazimir Kujawski est fondateur \u00e0 Varsovie puis directeur durant 25 ans du c\u00e9l\u00e8bre gymnase-lyc\u00e9e Ecole Mazovienne (<em>Szkola Ziemi Mazowieckiej<\/em>). l\u2019Ecole Mazovienne formera par la suite les \u00e9lites du pays qui\u00a0 exerceront des fonctions \u00e0 responsabilit\u00e9 dans la p\u00e9riode de l\u2019entre-deux guerres. Kazimir Kujawski est d\u00e9cor\u00e9 de la Croix d\u2019Or du M\u00e9rite en 1929.<\/p>\n\n\n\n<figure class=\"wp-block-image alignright size-full\"><img loading=\"lazy\" decoding=\"async\" width=\"254\" height=\"254\" src=\"https:\/\/www.korab.fr\/wp-content\/uploads\/2025\/08\/zofia.png\" alt=\"\" class=\"wp-image-1820\" srcset=\"https:\/\/www.korab.fr\/wp-content\/uploads\/2025\/08\/zofia.png 254w, https:\/\/www.korab.fr\/wp-content\/uploads\/2025\/08\/zofia-150x150.png 150w\" sizes=\"auto, (max-width: 254px) 100vw, 254px\" \/><figcaption class=\"wp-element-caption\">Zofia Sas-Witwicka<\/figcaption><\/figure>\n\n\n\n<figure class=\"wp-block-image alignright size-large is-resized\"><img loading=\"lazy\" decoding=\"async\" width=\"711\" height=\"1024\" src=\"https:\/\/www.korab.fr\/wp-content\/uploads\/2025\/08\/POL_COA_Sas_I.svg-711x1024.png\" alt=\"\" class=\"wp-image-1819\" style=\"width:166px;height:auto\" srcset=\"https:\/\/www.korab.fr\/wp-content\/uploads\/2025\/08\/POL_COA_Sas_I.svg-711x1024.png 711w, https:\/\/www.korab.fr\/wp-content\/uploads\/2025\/08\/POL_COA_Sas_I.svg-208x300.png 208w, https:\/\/www.korab.fr\/wp-content\/uploads\/2025\/08\/POL_COA_Sas_I.svg-768x1106.png 768w, https:\/\/www.korab.fr\/wp-content\/uploads\/2025\/08\/POL_COA_Sas_I.svg.png 800w\" sizes=\"auto, (max-width: 711px) 100vw, 711px\" \/><figcaption class=\"wp-element-caption\">Blason SAS<\/figcaption><\/figure>\n\n\n\n<p>Kazimir Kujawski est mari\u00e9 en secondes noces avec <strong>Zofia Witwicka<\/strong> &#8211; armoiries Sas. Zofia Kujawska n\u00e9e Sas-Witwicka vient d\u2019une famille \u00a0polonaise ayant un lien de parent\u00e9 notamment avec la famille de Radziwill, Colonna-Walewski, le po\u00e8te Stefan Witwicki ami de Chopin et, plus r\u00e9cemment le g\u00e9n\u00e9ral W\u0142adys\u0142aw Anders.<\/p>\n\n\n\n<p>Il a quatre fils, deux du premier mariage : <strong>W\u0142odzimierz <\/strong>&#8211; jeune pilote, mort dans un accident d\u2019avion en 1932, <strong>Andrzej <\/strong>\u2013 r\u00e9sistant, architecte, apr\u00e8s la guerre install\u00e9 \u00e0 Londres o\u00f9 il d\u00e9c\u00e8de en 2014; et deux fils du second mariage\u00a0: <strong>Boles\u0142aw <\/strong>\u2013 ing\u00e9nieur et inventeur, mort \u00e0 Varsovie en 2007, <strong>Maciej <\/strong>\u2013 architecte, mort \u00e0 Wroclaw en 2014.<\/p>\n\n\n\n<p>Aimant la nature, appr\u00e9ciant l\u2019art et l\u2019architecture, c\u2019est tout naturellement qu\u2019il d\u00e9cide de s\u2019installer dans le cadre d\u2019exception de Kazimierz Dolny.<\/p>\n\n\n\n<p>&#8211; \u00ab&nbsp;Au d\u00e9but, p\u00e8re n\u2019a pu acheter beaucoup de terres&nbsp;\u00bb &#8211; se souvient Maciej.<\/p>\n\n\n\n<p>\u00ab&nbsp;Il a progressivement rachet\u00e9 d\u2019autres parcelles qui sont devenues successivement la cerisaie, le verger de pommiers, le m\u00fbrier en vue de l&#8217;\u00e9levage des cocons de vers \u00e0 soie, bien que jamais exploit\u00e9\u2026 On retrouve encore les reliquats de la cerisaie au fond de la propri\u00e9t\u00e9 appartenant aujourd\u2019hui \u00e0 la Maison d\u2019\u00e9t\u00e9 d\u2019Auteurs et Journalistes.&nbsp;\u00bb<\/p>\n\n\n\n<p>Une image datant de 1910 montre la construction du chalet des Kujawski, dont les fondations en pierre calcaire proviennent des carri\u00e8res de Kazimierz Dolny.<\/p>\n\n\n\n<p>&#8211; \u00ab\u00a0C&#8217;\u00e9tait notre domaine familial d&#8217;\u00e9t\u00e9. Nous passions l\u2019hiver \u00e0 Varsovie et, au d\u00e9but du printemps, en mai, p\u00e8re nous accompagnait, mon fr\u00e8re Boles\u0142aw a\u00een\u00e9 de deux ans et moi, \u00e0 Kazimierz. Une fois, nous avions m\u00eame pris le bateau \u00e0 roue depuis la capitale. Au cours de l\u2019\u00e9t\u00e9, p\u00e8re nous y rejoignait tous les samedis en train jusqu\u2019\u00e0 la gare de Pu\u0142awy, puis en bus. Nous l\u2019accueillions toujours au m\u00eame endroit, sur la place du March\u00e9, pr\u00e8s du vieux puits. Il passait le week-end avec nous pour retourner dimanche soir vers ses obligations professionnelles. A l\u2019arriv\u00e9e de l\u2019automne, nous rentrions tous ensemble \u00e0 Varsovie dans notre appartement situ\u00e9 au centre, 22 avenue Jerozolimskie.\u00a0\u00bb<\/p>\n\n\n\n<p>De ces week-ends partag\u00e9s avec son p\u00e8re \u00e0 Kazimierz Dolny le fils se souvient avec nostalgie&#8230;<\/p>\n\n\n\n<p>&#8211; \u00ab&nbsp;Au fil des ann\u00e9es, chaque \u00e9t\u00e9 de la m\u00eame mani\u00e8re, d\u00e8s qu\u2019il faisait chaud, nous marchions avec p\u00e8re vers la plage. L\u00e0, nous prenions un bain de soleil, nous nous baignions dans la Vistule dont l&#8217;eau \u00e9tait encore claire, et p\u00e8re nous apprenait \u00e0 nager, Bolek et moi&#8230; Ma m\u00e8re, Zofia, nous accompagnait parfois. En semaine, c\u2019est elle qui veillait au maintien en parfait ordre de l\u2019ensemble de l&#8217;exploitation, donnait des instructions&nbsp;sur ce qu&#8217;il fallait acheter en magasin ou rapporter du march\u00e9 et supervisait la pr\u00e9paration des repas et de ses fameux desserts.\u00bb<\/p>\n\n\n\n<p>Une activit\u00e9 particuli\u00e8re est r\u00e9serv\u00e9e pour des occasions sp\u00e9ciales, comme les anniversaires&nbsp;: les illuminations dans le jardin. En effet, Kazimir Kujawski, chimiste de formation, fabrique des feux d\u2019artifice qu\u2019on appelle \u00e0 l\u2019\u00e9poque <em>les feux de Bengale&nbsp;:<\/em><\/p>\n\n\n\n<p>&#8211; \u00ab\u00a0Dans de longs tubes de papier journal, p\u00e8re versait un compos\u00e9 de strontium et iridium m\u00e9lang\u00e9s avec du salp\u00eatre. Apr\u00e8s le tir, le ciel se couvrait de lumineux panaches color\u00e9s. Une fois m\u00eame, le camion des pompiers est arriv\u00e9 sir\u00e8ne hurlante \u00e0 la recherche de l\u2019incendie. P\u00e8re les a rassur\u00e9s sur l\u2019absence de danger.\u00a0\u00bb<\/p>\n\n\n\n<p><strong>Perle de la Renaissance<\/strong><\/p>\n\n\n\n<p>Fortement impliqu\u00e9 dans la vie de Kazimierz Dolny, lors de ses s\u00e9jours Kazimir Kujawski r\u00e9serve toujours du temps aux affaires de la petite ville.<\/p>\n\n\n\n<p>&#8211; \u00ab\u00a0P\u00e8re entretenait des contacts \u00e9troits avec les autorit\u00e9s de la magistrature, le maire M. Ulanowski, le notaire M. Jerzmanowski. Il a fortement contribu\u00e9 \u00e0 la reconstruction des fa\u00e7ades\u00a0: Senatorska o\u00f9 se trouve aujourd\u2019hui le Mus\u00e9e R\u00e9gional, et Celejowska ornant la place du March\u00e9. Il a pr\u00eat\u00e9 son concours \u00e0 la construction de l&#8217;\u00e9tablissement des bains rue Senatorska con\u00e7u par l&#8217;architecte et conservateur des monuments Jan Koszczyc-Witkiewicz et \u00e9galement aid\u00e9 \u00e0 la construction de l\u2019Ecole de M\u00e9canique pr\u00e8s de la Vistule et \u00e0 l\u2019agrandissement de l&#8217;Ecole Primaire rue Lubelska.\u00a0\u00bb<\/p>\n\n\n\n<p>A l&#8217;initiative de Kazimir Kujawski est r\u00e9nov\u00e9 le donjon <em>Baszta<\/em>, qui domine la ville aux c\u00f4t\u00e9s des vestiges du majestueux ch\u00e2teau m\u00e9di\u00e9val <em>Zamek Kr\u00f3lewski <\/em>datant de l\u2019\u00e9poque du roi Kazimir le Grand.<\/p>\n\n\n\n<p>&#8211; \u00ab\u00a0<em>Baszta <\/em>\u00e9tait menac\u00e9 d\u2019effondrement. Des travaux de renforcement ont \u00e9t\u00e9 r\u00e9alis\u00e9s par les \u00e9quipes locales sous la supervision du ma\u00eetre Pielak. Pour renforcer l&#8217;ensemble de la tour une fondation circulaire de 1 m\u00e8tre 50 m de hauteur a \u00e9t\u00e9 pos\u00e9e puis, sur ce segment, on a incrust\u00e9 en pierre de granit\u00a0: \u00abRespecte les monuments\u00a0\u00bb (<em>Szanuj zabytki<\/em>). Des traces de cette inscription peuvent y \u00eatre trouv\u00e9es sans doute encore aujourd&#8217;hui &#8211; dit Maciej Kujawski. &#8211; Il y a quelques ann\u00e9es, j&#8217;ai vu encore des fragments de ces lettres coll\u00e9es de la main de mon p\u00e8re.\u00a0\u00bb<\/p>\n\n\n\n<p>Le r\u00eave de Kazimir Kujawski est de faire b\u00e2tir \u00e0 Kazimierz Dolny sa grande maison familiale d\u2019hiver.<\/p>\n\n\n\n<p>&#8211; \u00ab P\u00e8re se plaisait \u00e0 imaginer qu\u2019existerait \u00e0 Kazimierz une villa en pierre, pouvant accueillir la famille dans le sens le plus large du terme, de la plus proche \u00e0 la plus \u00e9loign\u00e9e toutes ses branches et g\u00e9n\u00e9rations confondues. \u00bb<\/p>\n\n\n\n<figure class=\"wp-block-image size-full\"><img loading=\"lazy\" decoding=\"async\" width=\"401\" height=\"603\" src=\"https:\/\/www.korab.fr\/wp-content\/uploads\/2025\/08\/kkv2.png\" alt=\"\" class=\"wp-image-1824\" srcset=\"https:\/\/www.korab.fr\/wp-content\/uploads\/2025\/08\/kkv2.png 401w, https:\/\/www.korab.fr\/wp-content\/uploads\/2025\/08\/kkv2-200x300.png 200w\" sizes=\"auto, (max-width: 401px) 100vw, 401px\" \/><figcaption class=\"wp-element-caption\">1924<\/figcaption><\/figure>\n\n\n\n<p>Au printemps 1925, il se rend \u00e0 Paris o\u00f9 se tient <em>l\u2019Exposition internationale des Arts d\u00e9coratifs et industriels modernes<\/em>. Il en revient inspir\u00e9, l\u2019id\u00e9e pr\u00e9cise de sa future villa Art-d\u00e9co est n\u00e9e.<\/p>\n\n\n\n<figure class=\"wp-block-image size-full\"><img loading=\"lazy\" decoding=\"async\" width=\"629\" height=\"898\" src=\"https:\/\/www.korab.fr\/wp-content\/uploads\/2025\/08\/kkv.png\" alt=\"\" class=\"wp-image-1825\" srcset=\"https:\/\/www.korab.fr\/wp-content\/uploads\/2025\/08\/kkv.png 629w, https:\/\/www.korab.fr\/wp-content\/uploads\/2025\/08\/kkv-210x300.png 210w\" sizes=\"auto, (max-width: 629px) 100vw, 629px\" \/><figcaption class=\"wp-element-caption\">1925, \u00e0 Versailles<\/figcaption><\/figure>\n\n\n\n<p>&#8211; \u00ab&nbsp;En 1933 il en a entrepris le projet et a confi\u00e9 sa conception \u00e0 l&#8217;architecte <em>kazimierzanin<\/em> (habitant de Kazimierz) W\u0142odzimierz F\u0105frowicz.&nbsp;Tout au long de l&#8217;hiver et du printemps 1935, les ma\u00e7ons locaux transportaient \u00e0 l\u2019aide de chariots de la belle pierre calcaire depuis les carri\u00e8res de Kazimierz. La construction de la villa Kujawski&nbsp; \u00e9tait commenc\u00e9e, elle allait durer trois ans.&nbsp;\u00bb<\/p>\n\n\n\n<p><strong>Mont aux Vents<\/strong><\/p>\n\n\n\n<p>Cependant, Kazimir Kujawski n&#8217;aura jamais le temps de s\u2019y installer.<\/p>\n\n\n\n<p>En septembre 1939 la guerre \u00e9clate. En octobre l\u2019occupation de la Pologne devenue effective, les \u00e9coles, mus\u00e9es, biblioth\u00e8ques, \u00e9ditions, r\u00e9dactions, \u00e9coles, lyc\u00e9es et \u00e9tablissements de l\u2019enseignement sup\u00e9rieur sont ferm\u00e9s par le d\u00e9cret du Reich, tant \u00e0 Varsovie que sur tout le territoire de la Pologne.<\/p>\n\n\n\n<p>D\u00e8s septembre 1939, l\u2019appartement familial des Kujawski, situ\u00e9 au c\u0153ur de Varsovie, est enti\u00e8rement d\u00e9truit ainsi que tous leurs biens obligeant la famille \u00e0 s&#8217;installer dans la province de Lublin. Alors en phase de finition, la construction de la maison d\u2019hiver est interrompue.<\/p>\n\n\n\n<p>Au cours de toute la p\u00e9riode de l\u2019occupation les Kujawski, maintenus \u00e0 Kazimierz, vivront de la culture de la terre &#8211; semant du seigle, de l\u2019orge, de l\u2019avoine, plantant des pommes de terre, cultivant les pommes et les cerises. Ils organiseront un petit \u00e9levage de poules sous l\u2019\u00e9gide de l&#8217;Institut National des Sciences Agricoles fonctionnant encore dans la ville voisine &#8211; Pu\u0142awy.<\/p>\n\n\n\n<p>&#8211; \u00ab\u00a0Chacune de nos poules portait sous l&#8217;aile un badge num\u00e9rot\u00e9 en plastique. Nous acheminions nos \u0153ufs \u00e0 un point de collecte agr\u00e9\u00e9 de Pu\u0142awy pour recevoir en \u00e9change du sucre, denr\u00e9e rare \u00e0 l\u2019\u00e9poque.\u00a0\u00bb<\/p>\n\n\n\n<p>On pouvait penser, que durant cette p\u00e9riode de guerre, Kazimierz Dolny \u00e9tait devenu un refuge fiable pour la famille Kujawski. Peut-\u00eatre. Jusqu&#8217;en 1941.<\/p>\n\n\n\n<p>&#8211; \u00ab\u00a0Nous \u00e9tions au d\u00e9but d\u2019un printemps froid suivant un hiver difficile &#8211; se souvient Maciej Kujawski \u00e2g\u00e9 \u00e0 cette \u00e9poque de 12 ans. &#8211; Au milieu de la nuit on a frapp\u00e9 soudainement \u00e0 la porte. Nous dormions tous les quatre dans la m\u00eame chambre, la seule chauff\u00e9e en hiver. Instantan\u00e9ment, nous avons tous \u00e9t\u00e9 debout. Je me souviens que p\u00e8re a demand\u00e9 : Qui est l\u00e0? Qu&#8217;est-ce qui se passe? En r\u00e9ponse, nous avons entendu une voix forte : C&#8217;est moi, D. &#8211; nous connaissions D., policier dans la ville, sinon p\u00e8re n\u2019aurait pas ouvert la porte. \u2013 Monsieur Kujawski, il faut s\u2019habiller, pas d\u2019effets personnels, vous \u00eates sur la liste des personnes \u00e0 arr\u00eater!\u00a0 \u00bb<\/p>\n\n\n\n<p>En effet, les \u00e9lites du pays sont alors syst\u00e9matiquement vis\u00e9es par les nazis. Des centaines de milliers d\u2019intellectuels polonais sont d\u00e9port\u00e9s et extermin\u00e9s dans des camps.<\/p>\n\n\n\n<p>\u00ab&nbsp;Cette nuit-l\u00e0, ce sont 18 notables et intellectuels qui ont \u00e9t\u00e9 ainsi arr\u00eat\u00e9s&nbsp;\u00e0 Kazimierz Dolny : le m\u00e9decin, le v\u00e9t\u00e9rinaire, le notaire, le maire, le directeur de l\u2019\u00e9cole et autres\u2026&nbsp;\u00bb<\/p>\n\n\n\n<p>\u00a0Maciej Kujawski voit son p\u00e8re pour la derni\u00e8re fois le lendemain dans la matin\u00e9e. D\u00e8s l\u2019aube, Zofia et ses fils se rendent \u00e0 l\u2019H\u00f4tel de Ville sur la place du March\u00e9 o\u00f9 Kazimir Kujawski est d\u00e9tenu avec tous les autres. Plusieurs heures plus tard, des voitures allemandes de la gestapo conduisent les prisonniers \u00e0 la premi\u00e8re \u00e9tape de leur captivit\u00e9, le ch\u00e2teau fort de la ville de Lublin.<\/p>\n\n\n\n<p>&#8211; \u00ab\u00a0Je ne connaissais rien du sort qui avait \u00e9t\u00e9 r\u00e9serv\u00e9 \u00e0 mon p\u00e8re, jusqu&#8217;\u00e0 ce que je d\u00e9couvre une lettre du camp d&#8217;extermination d\u2019Auschwitz. Ces lettres, r\u00e9dig\u00e9es exclusivement en allemand sur des formulaires sp\u00e9ciaux, nous sont parvenues pendant un peu moins d\u2019un an. Elles nous arrivaient avec certains fragments de phrases d\u00e9coup\u00e9s- la censure allemande n&#8217;autorisant pas l\u2019ensemble du texte que p\u00e8re nous \u00e9crivait.\u00a0\u00bb<\/p>\n\n\n\n<p>Traduction de la lettre de Kazimir \u00e0 son \u00e9pouse et ses fils, Auschwitz 1942 :<\/p>\n\n\n\n<p><em>\u00ab Ch\u00e8re \u00e9pouse et chers fils ! Je suis heureux que vous soyez en bonne sant\u00e9, je suis en bonne sant\u00e9. Ecrivez-moi davantage sur votre vie. Que faites-vous le weekend? Comment va la r\u00e9colte des l\u00e9gumes que j\u2019ai sem\u00e9s? En avez-vous suffisamment? Cher Bolek, je suis heureux que vous travailliez bien et soyez occup\u00e9. Cher Maciek je suis heureux \u00e9galement, tr\u00e8s heureux que vous travailliez bien et appreniez bien vos le\u00e7ons. Votre collection de timbres augmente et devrait rapidement \u00eatre belle. Comment vont les parents, et Wandusia? Si Alojz n\u2019est plus f\u00e2ch\u00e9 avec nous et veut vraiment en t\u00e9moigner, il devrait payer la voiture pour vous rendre visite. Comment va votre fr\u00e8re et comment vont ses enfants, est-ce qu\u2019il vous aide? Il voulait le faire. Ecrivez tout ce qui peut m\u2019int\u00e9resser. La transmission de l&#8217;argent 20 MK forfaits mensuels n\u2019est pas recevable. Je sais combien vous faites et combien vous travaillez pour tout mener \u00e0 bien. Les enfants vous aident \u00e0 le faire, je l&#8217;esp\u00e8re bien. Je vous embrasse chaleureusement et attends votre lettre. Votre mari et p\u00e8re, Kazimir. \u00bb<\/em><\/p>\n\n\n\n<figure class=\"wp-block-image size-full is-resized\"><img loading=\"lazy\" decoding=\"async\" width=\"680\" height=\"314\" src=\"https:\/\/www.korab.fr\/wp-content\/uploads\/2025\/08\/FVyqGaJXEAAd4_U.jpg\" alt=\"\" class=\"wp-image-1822\" style=\"width:733px;height:auto\" srcset=\"https:\/\/www.korab.fr\/wp-content\/uploads\/2025\/08\/FVyqGaJXEAAd4_U.jpg 680w, https:\/\/www.korab.fr\/wp-content\/uploads\/2025\/08\/FVyqGaJXEAAd4_U-300x139.jpg 300w\" sizes=\"auto, (max-width: 680px) 100vw, 680px\" \/><figcaption class=\"wp-element-caption\">30 July 1941.<\/figcaption><\/figure>\n\n\n\n<p>Et puis, les lettres cessent. Le 15 Mars 1942 un t\u00e9l\u00e9gramme arrive. Ce t\u00e9l\u00e9gramme est r\u00e9ceptionn\u00e9 pr\u00e9cis\u00e9ment par le tout jeune adolescent, Maciej &#8211; c&#8217;est \u00e0 lui que revient la t\u00e2che quotidienne d&#8217;apporter le courrier de la poste, courrier d\u00e9pos\u00e9 dans l\u2019inoubliable bo\u00eete aux lettres num\u00e9ro 44.<\/p>\n\n\n\n<p>Le contenu en est court : EHEMANN VERSTORBEN-DER COMANDANTE (MARI EST MORT-COMMENDANT).<\/p>\n\n\n\n<p>&#8211; \u00ab\u00a0J\u2019ai port\u00e9 ce terrible t\u00e9l\u00e9gramme sur moi pendant plusieurs jours, sans oser le montrer \u00e0 ma m\u00e8re. Une employ\u00e9e du bureau de poste a fini par lui poser la question: Comment faites-vous, Madame, pour garder votre sang froid apr\u00e8s ce t\u00e9l\u00e9gramme que vous avez re\u00e7u concernant la mort de votre mari\u00a0? \u2013 Voila de quelle mani\u00e8re m\u00e8re l&#8217;a appris&#8230;\u00a0\u00bb<\/p>\n\n\n\n<p>Apr\u00e8s la guerre, Zofia et ses fils quittent Kazimierz Dolny. Maciej s&#8217;installe \u00e0 Wroclaw, Boles\u0142aw \u00e0 Varsovie. Le temps passe, leurs enfants grandissent, certains partent\u2026 ils vivent dans divers pays \u00e0 travers le monde &#8211; en France, au Royaume Uni, au Canada&#8230; La famille est d\u00e9pouill\u00e9 de ses bien &#8211; le contexte contraint les Kujawski \u00e0 vendre la propri\u00e9t\u00e9. La villa en pierre est vendue en premier, ce sont les \u200b\u200bJaszczynski qui s\u2019y installent. Le chalet continue encore \u00e0 jouer son r\u00f4le de lieu des rencontres familiales d&#8217;\u00e9t\u00e9, jusqu\u2019\u00e0 la douloureuse s\u00e9paration d\u00e9finitive avec la totalit\u00e9 du domaine, en 1971.<\/p>\n\n\n\n<p>Au cimeti\u00e8re de Kazimierz Dolny, situ\u00e9 sur la colline Mont aux Vents<em> (G\u00f3ra Wietrzna)<\/em>, dans le tombeau familial des Kujawski, est d\u00e9pos\u00e9e en 1971 l&#8217;urne contenant les cendres symboliques de Kazimir Kujawski pr\u00e9lev\u00e9es du bloc num\u00e9ro 11 au camp d\u2019extermination d\u2019Auschwitz. En 1978 y est enterr\u00e9e Zofia. Trente ans plus tard, une autre urne les rejoint, celle de leur fils, Boles\u0142aw.<\/p>\n\n\n\n<p>&#8211; \u00ab&nbsp;A l&#8217;avenir, il s\u2019y trouvera aussi une place pour moi&nbsp;\u00bb &#8211; ajoute Maciej Kujawski.<\/p>\n\n\n\n<p><strong>Appartenance, continuit\u00e9<\/strong><\/p>\n\n\n\n<p>Le vent tourne, la valeur famille reste. En 2005, \u00e0 l&#8217;initiative des petits et arri\u00e8re-petits-enfants vivant en Pologne et \u00e0 l&#8217;\u00e9tranger, une rencontre des Kujawski se tient dans leur ancienne propri\u00e9t\u00e9. Plus de cinquante personnes animent de leur joyeux vacarme, des t\u00e9moignages du pass\u00e9 et d\u2019\u00e9mouvantes histoires animent la demeure. Le chalet Kujawski devenu depuis la vente une maison d&#8217;h\u00f4tes, r\u00e9serv\u00e9 pour ces quelques jours par la famille, est plein \u00e0 craquer.<\/p>\n\n\n\n<p>\u00ab&nbsp;On y parlait diff\u00e9rentes langues, on y dormait m\u00eame dans les couloirs&nbsp;\u00bb &#8211; se souvient la petite-fille de Kazimir Kujawski et fille de Boles\u0142aw, Joanna Drozdowski-Strehl.<\/p>\n\n\n\n<p>Quelle force attire ici, encore aujourd\u2019hui, toutes ces personnes dispers\u00e9es dans le monde? Kazimierz Dolny.<\/p>\n\n\n\n<p>Cette petite ville au bord de la Vistule est une maison symbolique pour la famille Kujawski, leur place sur la terre.<\/p>\n","protected":false},"excerpt":{"rendered":"<p>Kazimir Josef Alojzy Kujawski &#8211; portant les armoiries Rawicz &#8211; est n\u00e9 \u00e0 Varsovie en 1874, son p\u00e8re \u00e9tait avocat. Catholique et grand patriote, polyglotte, parlant le fran\u00e7ais, l\u2019allemand et le russe, Kazimir est docteur en sciences naturelles de l&#8217;Universit\u00e9 de Varsovie. \u00a0Fortement engag\u00e9 dans le renouveau de la Pologne apr\u00e8s 120 ans d\u2019inexistence de [&hellip;]<\/p>\n","protected":false},"author":1,"featured_media":0,"parent":0,"menu_order":0,"comment_status":"closed","ping_status":"closed","template":"","meta":{"_themeisle_gutenberg_block_has_review":false,"footnotes":""},"class_list":["post-1808","page","type-page","status-publish","hentry"],"_links":{"self":[{"href":"https:\/\/www.korab.fr\/index.php\/wp-json\/wp\/v2\/pages\/1808","targetHints":{"allow":["GET"]}}],"collection":[{"href":"https:\/\/www.korab.fr\/index.php\/wp-json\/wp\/v2\/pages"}],"about":[{"href":"https:\/\/www.korab.fr\/index.php\/wp-json\/wp\/v2\/types\/page"}],"author":[{"embeddable":true,"href":"https:\/\/www.korab.fr\/index.php\/wp-json\/wp\/v2\/users\/1"}],"replies":[{"embeddable":true,"href":"https:\/\/www.korab.fr\/index.php\/wp-json\/wp\/v2\/comments?post=1808"}],"version-history":[{"count":6,"href":"https:\/\/www.korab.fr\/index.php\/wp-json\/wp\/v2\/pages\/1808\/revisions"}],"predecessor-version":[{"id":1826,"href":"https:\/\/www.korab.fr\/index.php\/wp-json\/wp\/v2\/pages\/1808\/revisions\/1826"}],"wp:attachment":[{"href":"https:\/\/www.korab.fr\/index.php\/wp-json\/wp\/v2\/media?parent=1808"}],"curies":[{"name":"wp","href":"https:\/\/api.w.org\/{rel}","templated":true}]}}